{"id":3131,"date":"2022-04-02T14:51:15","date_gmt":"2022-04-02T12:51:15","guid":{"rendered":"https:\/\/alltruesecrets.com\/?page_id=3131"},"modified":"2022-07-08T17:15:30","modified_gmt":"2022-07-08T15:15:30","slug":"about-us","status":"publish","type":"page","link":"https:\/\/alltruesecrets.com\/de\/about-us\/","title":{"rendered":"About Us"},"content":{"rendered":"<div data-elementor-type=\"wp-page\" data-elementor-id=\"3131\" class=\"elementor elementor-3131\" data-elementor-post-type=\"page\">\n\t\t\t\t\t\t<section class=\"elementor-section elementor-top-section elementor-element elementor-element-2dbb91e elementor-section-boxed elementor-section-height-default elementor-section-height-default\" data-id=\"2dbb91e\" data-element_type=\"section\" data-settings=\"{&quot;jet_parallax_layout_list&quot;:[]}\">\n\t\t\t\t\t\t<div class=\"elementor-container elementor-column-gap-default\">\n\t\t\t\t\t<div class=\"elementor-column elementor-col-50 elementor-top-column elementor-element elementor-element-4a67d44\" data-id=\"4a67d44\" data-element_type=\"column\">\n\t\t\t<div class=\"elementor-widget-wrap elementor-element-populated\">\n\t\t\t\t\t\t<div class=\"elementor-element elementor-element-310c3ce elementor-widget elementor-widget-image\" data-id=\"310c3ce\" data-element_type=\"widget\" data-widget_type=\"image.default\">\n\t\t\t\t<div class=\"elementor-widget-container\">\n\t\t\t\t\t\t\t\t\t\t\t\t\t<img fetchpriority=\"high\" decoding=\"async\" width=\"739\" height=\"980\" src=\"https:\/\/alltruesecrets.com\/wp-content\/uploads\/2022\/04\/WhatsApp-Image-2019-05-14-at-09.40.51-1-1.jpeg\" class=\"elementor-animation-grow attachment-large size-large wp-image-3198\" alt=\"\" srcset=\"https:\/\/alltruesecrets.com\/wp-content\/uploads\/2022\/04\/WhatsApp-Image-2019-05-14-at-09.40.51-1-1.jpeg 739w, https:\/\/alltruesecrets.com\/wp-content\/uploads\/2022\/04\/WhatsApp-Image-2019-05-14-at-09.40.51-1-1-226x300.jpeg 226w\" sizes=\"(max-width: 739px) 100vw, 739px\" \/>\t\t\t\t\t\t\t\t\t\t\t\t\t<\/div>\n\t\t\t\t<\/div>\n\t\t\t\t\t<\/div>\n\t\t<\/div>\n\t\t\t\t<div class=\"elementor-column elementor-col-50 elementor-top-column elementor-element elementor-element-c735ed6\" data-id=\"c735ed6\" data-element_type=\"column\">\n\t\t\t<div class=\"elementor-widget-wrap elementor-element-populated\">\n\t\t\t\t\t\t<div class=\"elementor-element elementor-element-9a19d42 elementor-widget elementor-widget-heading\" data-id=\"9a19d42\" data-element_type=\"widget\" data-widget_type=\"heading.default\">\n\t\t\t\t<div class=\"elementor-widget-container\">\n\t\t\t<h2 class=\"elementor-heading-title elementor-size-default\">Dr. med. Kalpana Bandecar\u00a0<\/h2>\t\t<\/div>\n\t\t\t\t<\/div>\n\t\t\t\t<div class=\"elementor-element elementor-element-0866275 elementor-widget elementor-widget-text-editor\" data-id=\"0866275\" data-element_type=\"widget\" data-widget_type=\"text-editor.default\">\n\t\t\t\t<div class=\"elementor-widget-container\">\n\t\t\t\t\t\t\t<p class=\" translation-block\">Mein Name ist <strong>KALPANA<\/strong>. Ich bin Botschafterin der <strong>NEUEN ERDE<\/strong>. Als ganzheitlich t\u00e4tige \u00c4rztin mit Spezialisierung auf Ayurvedische Medizin und Yogatherapie helfe ich Menschen ein ganzheitliches Leben im Einklang mit der Natur zu leben. Mit <strong>ALLTRUESECRETS<\/strong> ist ein Herzenswunsch f\u00fcr mich in Erf\u00fcllung gegangen. Ich habe diese Plattform erschaffen um praktisches Wissen und v\u00f6llig neuartige Perspektiven f\u00fcr eine ethische und ganzheitliche Lebensweise in Liebe und Leichtigkeit vorzustellen und damit m\u00f6glichst viele Menschen zu inspirieren.<\/p>\t\t\t\t\t\t<\/div>\n\t\t\t\t<\/div>\n\t\t\t\t<div class=\"elementor-element elementor-element-a6287b9 elementor-widget elementor-widget-accordion\" data-id=\"a6287b9\" data-element_type=\"widget\" data-widget_type=\"accordion.default\">\n\t\t\t\t<div class=\"elementor-widget-container\">\n\t\t\t\t\t<div class=\"elementor-accordion\">\n\t\t\t\t\t\t\t<div class=\"elementor-accordion-item\">\n\t\t\t\t\t<div id=\"elementor-tab-title-1741\" class=\"elementor-tab-title\" data-tab=\"1\" role=\"button\" aria-controls=\"elementor-tab-content-1741\" aria-expanded=\"false\">\n\t\t\t\t\t\t\t\t\t\t\t\t\t<span class=\"elementor-accordion-icon elementor-accordion-icon-right\" aria-hidden=\"true\">\n\t\t\t\t\t\t\t\t\t\t\t\t\t\t\t<span class=\"elementor-accordion-icon-closed\"><i class=\"fas fa-angle-down\"><\/i><\/span>\n\t\t\t\t\t\t\t\t<span class=\"elementor-accordion-icon-opened\"><i class=\"fas fa-angle-up\"><\/i><\/span>\n\t\t\t\t\t\t\t\t\t\t\t\t\t\t<\/span>\n\t\t\t\t\t\t\t\t\t\t\t\t<a class=\"elementor-accordion-title\" tabindex=\"0\">Mehr erfahren<\/a>\n\t\t\t\t\t<\/div>\n\t\t\t\t\t<div id=\"elementor-tab-content-1741\" class=\"elementor-tab-content elementor-clearfix\" data-tab=\"1\" role=\"region\" aria-labelledby=\"elementor-tab-title-1741\"><p>Meine Familie stammt urspr\u00fcnglich aus Indien.\nMein Name \u201eKalpana\u201c bedeutet \u00fcbersetzt aus\ndem Sanskrit tiefes Wissen. Es ist ein Wort aus\nder uralten Sprache der Veden, in der unter\nanderem die heiligen Werke des Ayurveda und\nYoga verfasst wurden. Die ganzheitlichen\nErkenntnisse dieser Lebensphilosophien\nbestimmen die Beitr\u00e4ge in <strong>ALLTRUESECRETS<\/strong>. <b>AYURVEDA und YOGA sind die Basis des ganzheitlichen universellen Wissen auf <strong>ALLTRUESECRETS<\/strong>.<\/b>. This holistic knowledge is the base of <b>ALLTRUESECRETS<\/b>.&nbsp;<\/p>\n<p>Geboren wurde ich im Norden Europas, in\nDeutschland. So lernte ich die Gewohnheiten\nund Bed\u00fcrfnisse der Menschen in der\nNordhemisph\u00e4re kennen. Auf meinen\nWeltreisen f\u00fchlte ich, dass wir alle letzten\nEndes alle Eins sind. Wir alle stammen aus der\ngleichen universellen Quelle, dem \u201eOne\u201c und\ngehorchen den gleichen universellen Gesetzen,\nunabh\u00e4ngig von Geschlecht, Kultur und\nReligion.&nbsp;<\/p>\n<p class=\" translation-block\">Durch meinen Beruf als ganzheitliche \u00c4rztin\nund Spezialistin f\u00fcr Ayurvedamedizin und Yoga\nsetze ich mich sehr intensiv mit den Menschen\nauseinander. Im Laufe der Zeit habe ich sehr\nviel Wissen erlangt und viele Erfahrungen\ngesammelt, was ein Mensch zum leben\nbraucht, was ihn krank und wieder gesund\nmacht. In der heutigen Zeit, wo die Arbeit und\ndas Geld eine gr\u00f6\u00dfere Priorit\u00e4t besitzen als die\neigene Gesundheit und die Erf\u00fcllung der\neigenen W\u00fcnsche, ist es schwierig im\nGleichgewicht zu bleiben. Wir brauchen mehr\npraktische Informationen und profundes Wissen\num ein gesundes und erf\u00fclltes Leben zu f\u00fchren.\nGenau das ist meine Mission hier in\n<strong>ALLTRUESECRETS<\/strong><\/p>\n<p class=\" translation-block\">In meinen Meditationen habe ich erfahren, wie\ndas Leben auf der <strong>NEUEN ERDE<\/strong> in h\u00f6heren\nDimensionen aussehen kann. Diese Visionen\nm\u00f6chte ich mit Dir teilen. Ich sehe sehr deutlich, wie wir im Einklang mit der Natur, der Erde und\ndem Universum zusammenleben. Dazu sind\nneue multidimensionale Systeme notwendig,\ndie die ganzheitlichen Ans\u00e4tze und neue\nTechniken integrieren. Das bedeutet zum\nBeispiel nicht in anonymen Megacities zu\nleben, sondern in dorf\u00e4hnlichen kleineren\nEinheiten. Ich f\u00fchle mich dazu berufen mit vielen\nGleichgesinnten die <strong>NEUE ERDE<\/strong> zu gestalten.\nLass uns eine internationale Community gr\u00fcnden und gemeinsam unsere Tr\u00e4ume und unser\nTraumleben verwirklich. Vergiss nicht: Du bist\nnicht allein.<\/p><\/div>\n\t\t\t\t<\/div>\n\t\t\t\t\t\t\t\t<\/div>\n\t\t\t\t<\/div>\n\t\t\t\t<\/div>\n\t\t\t\t\t<\/div>\n\t\t<\/div>\n\t\t\t\t\t<\/div>\n\t\t<\/section>\n\t\t\t\t<section class=\"elementor-section elementor-top-section elementor-element elementor-element-bd7516a elementor-section-boxed elementor-section-height-default elementor-section-height-default\" data-id=\"bd7516a\" data-element_type=\"section\" data-settings=\"{&quot;jet_parallax_layout_list&quot;:[]}\">\n\t\t\t\t\t\t<div class=\"elementor-container elementor-column-gap-default\">\n\t\t\t\t\t<div class=\"elementor-column elementor-col-50 elementor-top-column elementor-element elementor-element-d2d2731\" data-id=\"d2d2731\" data-element_type=\"column\">\n\t\t\t<div class=\"elementor-widget-wrap elementor-element-populated\">\n\t\t\t\t\t\t<div class=\"elementor-element elementor-element-19569ae elementor-widget elementor-widget-image\" data-id=\"19569ae\" data-element_type=\"widget\" data-widget_type=\"image.default\">\n\t\t\t\t<div class=\"elementor-widget-container\">\n\t\t\t\t\t\t\t\t\t\t\t\t\t<img decoding=\"async\" width=\"800\" height=\"800\" src=\"https:\/\/alltruesecrets.com\/wp-content\/uploads\/2022\/07\/Marjam-2-min.jpg\" class=\"elementor-animation-grow attachment-large size-large wp-image-7168\" alt=\"\" srcset=\"https:\/\/alltruesecrets.com\/wp-content\/uploads\/2022\/07\/Marjam-2-min.jpg 1024w, https:\/\/alltruesecrets.com\/wp-content\/uploads\/2022\/07\/Marjam-2-min-300x300.jpg 300w, https:\/\/alltruesecrets.com\/wp-content\/uploads\/2022\/07\/Marjam-2-min-150x150.jpg 150w, https:\/\/alltruesecrets.com\/wp-content\/uploads\/2022\/07\/Marjam-2-min-768x768.jpg 768w, https:\/\/alltruesecrets.com\/wp-content\/uploads\/2022\/07\/Marjam-2-min-12x12.jpg 12w\" sizes=\"(max-width: 800px) 100vw, 800px\" \/>\t\t\t\t\t\t\t\t\t\t\t\t\t<\/div>\n\t\t\t\t<\/div>\n\t\t\t\t\t<\/div>\n\t\t<\/div>\n\t\t\t\t<div class=\"elementor-column elementor-col-50 elementor-top-column elementor-element elementor-element-ca59e20\" data-id=\"ca59e20\" data-element_type=\"column\">\n\t\t\t<div class=\"elementor-widget-wrap elementor-element-populated\">\n\t\t\t\t\t\t<div class=\"elementor-element elementor-element-76ecdd4 elementor-widget elementor-widget-heading\" data-id=\"76ecdd4\" data-element_type=\"widget\" data-widget_type=\"heading.default\">\n\t\t\t\t<div class=\"elementor-widget-container\">\n\t\t\t<h2 class=\"elementor-heading-title elementor-size-default\">MARJAM OSKoui<\/h2>\t\t<\/div>\n\t\t\t\t<\/div>\n\t\t\t\t<div class=\"elementor-element elementor-element-1053db5 elementor-widget elementor-widget-text-editor\" data-id=\"1053db5\" data-element_type=\"widget\" data-widget_type=\"text-editor.default\">\n\t\t\t\t<div class=\"elementor-widget-container\">\n\t\t\t\t\t\t\t<p class=\" translation-block\">Mein Name ist Marjam. Ich setze mich ebenfalls f\u00fcr die <strong>NEUE ERDE<\/strong> ein. Ich geh\u00f6re von Anfang an zum DREAMTEAM von <strong>ALLTRUESECRETS<\/strong>. Ich bringe hier meine beruflichen Erfahrungen ein, die ich w\u00e4hrend meiner T\u00e4tigkeit als Art Director f\u00fcr Produktkampagnen namhafter Brands und Hollywood Produktionen in Los Angeles gesammelt habe. Au\u00dferdem bin ich K\u00fcnstlerin f\u00fcr Visual Arts und gestalte die Seite visuell mit.<\/p>\t\t\t\t\t\t<\/div>\n\t\t\t\t<\/div>\n\t\t\t\t<div class=\"elementor-element elementor-element-646baa0 elementor-widget elementor-widget-accordion\" data-id=\"646baa0\" data-element_type=\"widget\" data-widget_type=\"accordion.default\">\n\t\t\t\t<div class=\"elementor-widget-container\">\n\t\t\t\t\t<div class=\"elementor-accordion\">\n\t\t\t\t\t\t\t<div class=\"elementor-accordion-item\">\n\t\t\t\t\t<div id=\"elementor-tab-title-1051\" class=\"elementor-tab-title\" data-tab=\"1\" role=\"button\" aria-controls=\"elementor-tab-content-1051\" aria-expanded=\"false\">\n\t\t\t\t\t\t\t\t\t\t\t\t\t<span class=\"elementor-accordion-icon elementor-accordion-icon-right\" aria-hidden=\"true\">\n\t\t\t\t\t\t\t\t\t\t\t\t\t\t\t<span class=\"elementor-accordion-icon-closed\"><i class=\"fas fa-angle-down\"><\/i><\/span>\n\t\t\t\t\t\t\t\t<span class=\"elementor-accordion-icon-opened\"><i class=\"fas fa-angle-up\"><\/i><\/span>\n\t\t\t\t\t\t\t\t\t\t\t\t\t\t<\/span>\n\t\t\t\t\t\t\t\t\t\t\t\t<a class=\"elementor-accordion-title\" tabindex=\"0\">Mehr erfahren<\/a>\n\t\t\t\t\t<\/div>\n\t\t\t\t\t<div id=\"elementor-tab-content-1051\" class=\"elementor-tab-content elementor-clearfix\" data-tab=\"1\" role=\"region\" aria-labelledby=\"elementor-tab-title-1051\"><p class=\" translation-block\"><strong>ALLTRUESECRETS<\/strong> liegt mir sehr am Herzen weil auch ich einen Beitrag f\u00fcr die <strong>NEUE ERDE<\/strong> leisten m\u00f6chte. Zur Zeit unterrichte ich Kunst an Schulen. Dabei erfahre ich hautnah, wie sehr wir ein neues Schulsystem f\u00fcr Kinder ben\u00f6tigen. Der Unterricht sollte viel praktischer gestaltet sein. Lehrer sollten ausserdem ihre Sch\u00fcler st\u00e4rker dabei unterst\u00fctzen, ihre St\u00e4rken und Talente zu finden. Daf\u00fcr br\u00e4uchten wir mehr Lehrer und kleinere Klassen.<\/p>\n<p class=\" translation-block\">Zur Zeit gebe ich Kunstunterricht an Schulen. Hier erfahre ich hautnah, dass wir dringend ein neues Schulsystem f\u00fcr unsere Kinder brauchen. So sollte der Unterricht viel praktischer sein. Lehrer sollten die Kinder dabei unterst\u00fctzen ihre St\u00e4rken und Talente kennenzulernen und sie  f\u00f6rdern. Daf\u00fcr br\u00e4uchten wir kleinere Klassen und mehr gut ausgebildete Lehrer.<\/p>\n<p class=\" translation-block\">Der erste Schritt ist es Ideen dazu auszutauschen und gemeinsam ein Konzept f\u00fcr NEUE SCHULE zu entwickeln. Wir m\u00fcssen uns verbinden und mit einander kommunizieren auf Plattformen wie <strong>ALLTRUESECRETS<\/strong> und andere Seiten.<\/p>\n<p><\/p><\/div>\n\t\t\t\t<\/div>\n\t\t\t\t\t\t\t\t<\/div>\n\t\t\t\t<\/div>\n\t\t\t\t<\/div>\n\t\t\t\t\t<\/div>\n\t\t<\/div>\n\t\t\t\t\t<\/div>\n\t\t<\/section>\n\t\t\t\t<\/div>","protected":false},"excerpt":{"rendered":"<p>Dr. med. Kalpana Bandecar\u00a0 My name is KALPANA. I am an ambassador of NEW EARTH. Being a holistic physian with specialisation in Ayurvedic Medicine and Yoga Philosophy I help people to live a holistic life in sound with the nature.&nbsp;With ALLTRUESECRETS a big dream has come true for me. I created this platform that conveys [&hellip;]<\/p>","protected":false},"author":8,"featured_media":0,"parent":0,"menu_order":0,"comment_status":"closed","ping_status":"closed","template":"elementor_header_footer","meta":{"footnotes":""},"class_list":["post-3131","page","type-page","status-publish","hentry"],"aioseo_notices":[],"_links":{"self":[{"href":"https:\/\/alltruesecrets.com\/de\/wp-json\/wp\/v2\/pages\/3131","targetHints":{"allow":["GET"]}}],"collection":[{"href":"https:\/\/alltruesecrets.com\/de\/wp-json\/wp\/v2\/pages"}],"about":[{"href":"https:\/\/alltruesecrets.com\/de\/wp-json\/wp\/v2\/types\/page"}],"author":[{"embeddable":true,"href":"https:\/\/alltruesecrets.com\/de\/wp-json\/wp\/v2\/users\/8"}],"replies":[{"embeddable":true,"href":"https:\/\/alltruesecrets.com\/de\/wp-json\/wp\/v2\/comments?post=3131"}],"version-history":[{"count":107,"href":"https:\/\/alltruesecrets.com\/de\/wp-json\/wp\/v2\/pages\/3131\/revisions"}],"predecessor-version":[{"id":7177,"href":"https:\/\/alltruesecrets.com\/de\/wp-json\/wp\/v2\/pages\/3131\/revisions\/7177"}],"wp:attachment":[{"href":"https:\/\/alltruesecrets.com\/de\/wp-json\/wp\/v2\/media?parent=3131"}],"curies":[{"name":"wp","href":"https:\/\/api.w.org\/{rel}","templated":true}]}}