{"id":4574,"date":"2022-04-14T09:13:03","date_gmt":"2022-04-14T07:13:03","guid":{"rendered":"https:\/\/alltruesecrets.com\/?page_id=4574"},"modified":"2022-10-31T14:24:23","modified_gmt":"2022-10-31T13:24:23","slug":"about-alltruesecrets","status":"publish","type":"page","link":"https:\/\/alltruesecrets.com\/de\/about-alltruesecrets\/","title":{"rendered":"About AllTrueSecrets"},"content":{"rendered":"<div data-elementor-type=\"wp-page\" data-elementor-id=\"4574\" class=\"elementor elementor-4574\" data-elementor-post-type=\"page\">\n\t\t\t\t\t\t<section class=\"elementor-section elementor-top-section elementor-element elementor-element-95ddda9 elementor-section-boxed elementor-section-height-default elementor-section-height-default\" data-id=\"95ddda9\" data-element_type=\"section\" data-settings=\"{&quot;jet_parallax_layout_list&quot;:[]}\">\n\t\t\t\t\t\t<div class=\"elementor-container elementor-column-gap-default\">\n\t\t\t\t\t<div class=\"elementor-column elementor-col-100 elementor-top-column elementor-element elementor-element-8334eaf\" data-id=\"8334eaf\" data-element_type=\"column\">\n\t\t\t<div class=\"elementor-widget-wrap elementor-element-populated\">\n\t\t\t\t\t\t<div class=\"elementor-element elementor-element-f3b6e67 elementor-widget elementor-widget-text-editor\" data-id=\"f3b6e67\" data-element_type=\"widget\" data-widget_type=\"text-editor.default\">\n\t\t\t\t<div class=\"elementor-widget-container\">\n\t\t\t\t\t\t\t<p class=\" translation-block\">HERZLICH WILLKOMMEN BEI <strong>ALLTRUESECRETS<\/strong>. DIES HIER IST EINE MULTIDIMENSIONALE PLATTFORM MIT AUSSERGEW\u00d6HNLICHEN UND SPANNENDEN BEITR\u00c4GEN \u00dcBER DIE <strong>NEUE ERDE <\/strong> DIE WIR GEMEINSAM ERSCHAFFEN WOLLEN UND M\u00dcSSEN. DAMIT IST EIN GANZHEITLICHES LEBEN IN H\u00d6CHSTER ETHIK, BEDINGUNGSLOSER LIEBE UND LEICHTIGKEIT GEMEINT, DAS DEN UNIVERSELLEN GESETZEN ENTSPRICHT. DIE SPRACHE DIE WIR HIER SPRECHEN IST LIEBE UND IMMER OPTIMISTISCH.<\/p><p class=\" translation-block\">DIE SEITE IST IN DREI BEREICHE GEGLIEDERT: <strong>NEWS, VISIONS+MORE<\/strong> UND <strong>KNOWLEDGE<\/strong><\/p><ul><li class=\" translation-block\"><strong>NEWS<\/strong>: HIER ERF\u00c4HRST DU, WIE DU MIT LIEBE UND LEICHTIGKEIT EIN GANZHEITLICHES GANZ GESUNDES UND ENERGETISCHES LEBEN F\u00dcHREN KANNST.<\/li><li class=\" translation-block\"><strong>VISIONS+MORE<\/strong>: HIER BEKOMMST DU INSPIRATIONEN, DIE DABEI HELFEN UNSERE <strong>NEUE ERDE<\/strong> ZU GESTALTEN. ERFAHRE MEHR \u00dcBER GRO\u00dfARTIGE MENSCHEN, ORTE, PROJEKTE UND PRODUKTE.<\/li><li class=\" translation-block\"><strong>KNOWLEDGE<\/strong>: HIER BEKOMMST DU TIEFES UNIVERSELLES WISSEN UND ERF\u00c4HRST WELCHES DEINE PERS\u00d6NLICHEN BASIC NEEDS SIND.<\/li><\/ul>\t\t\t\t\t\t<\/div>\n\t\t\t\t<\/div>\n\t\t\t\t\t<\/div>\n\t\t<\/div>\n\t\t\t\t\t<\/div>\n\t\t<\/section>\n\t\t\t\t<section class=\"elementor-section elementor-top-section elementor-element elementor-element-46ccb92 elementor-section-boxed elementor-section-height-default elementor-section-height-default\" data-id=\"46ccb92\" data-element_type=\"section\" data-settings=\"{&quot;jet_parallax_layout_list&quot;:[]}\">\n\t\t\t\t\t\t<div class=\"elementor-container elementor-column-gap-default\">\n\t\t\t\t\t<div class=\"elementor-column elementor-col-100 elementor-top-column elementor-element elementor-element-cc830ee\" data-id=\"cc830ee\" data-element_type=\"column\">\n\t\t\t<div class=\"elementor-widget-wrap elementor-element-populated\">\n\t\t\t\t\t\t<div class=\"elementor-element elementor-element-6175af8 elementor-widget elementor-widget-heading\" data-id=\"6175af8\" data-element_type=\"widget\" data-widget_type=\"heading.default\">\n\t\t\t\t<div class=\"elementor-widget-container\">\n\t\t\t<h2 class=\"elementor-heading-title elementor-size-default\">Universelles Wissen modern und\npraktisch...<\/h2>\t\t<\/div>\n\t\t\t\t<\/div>\n\t\t\t\t<div class=\"elementor-element elementor-element-3de6e25 elementor-widget elementor-widget-text-editor\" data-id=\"3de6e25\" data-element_type=\"widget\" data-widget_type=\"text-editor.default\">\n\t\t\t\t<div class=\"elementor-widget-container\">\n\t\t\t\t\t\t\t<p>WIR LEBEN GERADE IN AUFREGENDEN ZEITEN. NOCH NIE WAR ES LEICHTER EIN H\u00d6HERES BEWUSSTSEIN ZU ERLANGEN. AUF PRAKTISCHER EBENE VERSTEHEN WIR VIEL BESSER WAS UNSERE MISSION HIER AUF DIESEM PLANET IST UND ENTFALTEN UNSERE POTENTIALE, DIE WIR F\u00dcR DIE RETTUNG VON MUTTER ERDE NUTZEN. GLEICHZEITIG VERHELFEN WIR AUCH DER MENSCHHEIT ZU EINEM H\u00d6HEREN BEWUSSTSEIN.<\/p>\t\t\t\t\t\t<\/div>\n\t\t\t\t<\/div>\n\t\t\t\t\t<\/div>\n\t\t<\/div>\n\t\t\t\t\t<\/div>\n\t\t<\/section>\n\t\t\t\t<section class=\"elementor-section elementor-top-section elementor-element elementor-element-0b8fb58 elementor-section-boxed elementor-section-height-default elementor-section-height-default\" data-id=\"0b8fb58\" data-element_type=\"section\" data-settings=\"{&quot;jet_parallax_layout_list&quot;:[]}\">\n\t\t\t\t\t\t<div class=\"elementor-container elementor-column-gap-default\">\n\t\t\t\t\t<div class=\"elementor-column elementor-col-100 elementor-top-column elementor-element elementor-element-6f89331\" data-id=\"6f89331\" data-element_type=\"column\">\n\t\t\t<div class=\"elementor-widget-wrap elementor-element-populated\">\n\t\t\t\t\t\t<div class=\"elementor-element elementor-element-ca067c7 elementor-widget elementor-widget-heading\" data-id=\"ca067c7\" data-element_type=\"widget\" data-widget_type=\"heading.default\">\n\t\t\t\t<div class=\"elementor-widget-container\">\n\t\t\t<h2 class=\"elementor-heading-title elementor-size-default\">Eine vielseitige Plattform f\u00fcr alle Belange\ndes Lebens...<\/h2>\t\t<\/div>\n\t\t\t\t<\/div>\n\t\t\t\t<div class=\"elementor-element elementor-element-9c1db06 elementor-widget elementor-widget-text-editor\" data-id=\"9c1db06\" data-element_type=\"widget\" data-widget_type=\"text-editor.default\">\n\t\t\t\t<div class=\"elementor-widget-container\">\n\t\t\t\t\t\t\t<p class=\" translation-block\">BEI <strong>ALLTRUESECRETS<\/strong> ERH\u00c4LST DU ZUGANG ZU TIEFEM WISSEN. DAS SCHLIESST DIE UNIVERSELLEN GESETZE UND F\u00dcHRUNG F\u00dcR INNERES WACHSTUM EIN, GANZ OHNE DOGMEN UND POLITISCHE ODER RELIGI\u00d6SE PR\u00c4GUNGEN.<\/p><p>UNSERE INFORMATIONSQUELLE UND DAS FUNDAMENT DIESER PLATTFORM IST DAS UNIVERSELLE WISSEN. DIE ESSENZ DIESER WEISHEIT FINDET SICH IN ALLEN ANTIKEN WISSENSTRADITIONEN WIE AYURVEDA UND YOGA, BUDDHISMUS ODER SUFISMUS, DEN LEHREN DES ANTIKEN \u00c4GYPTENS, DER MAYA UND INKA, DER KABBALA UND DEN EVANGELIEN. DAS GILT AUCH F\u00dcR DIE DIREKTEN CHANNELINGS VON HIMMLISCHEN WESEN WIE BUDDHA, JESUS CHRISTUS, MOHAMMED, ERZENGEL MICHAEL, SALOMON UND VIELEN ANDEREN. SIE ALLE TEILEN EINE GEMEINSAME WAHRHEIT, DIE UNS ZU UNSEREM H\u00d6CHSTEN SELBST VERHILFT, IN DEM WIR IN BEDINGUNGSLOSER LIEBE UND HARMONIE ZUR NATUR LEBEN.<\/p>\t\t\t\t\t\t<\/div>\n\t\t\t\t<\/div>\n\t\t\t\t\t<\/div>\n\t\t<\/div>\n\t\t\t\t\t<\/div>\n\t\t<\/section>\n\t\t\t\t<section class=\"elementor-section elementor-top-section elementor-element elementor-element-a66c136 elementor-section-boxed elementor-section-height-default elementor-section-height-default\" data-id=\"a66c136\" data-element_type=\"section\" data-settings=\"{&quot;jet_parallax_layout_list&quot;:[]}\">\n\t\t\t\t\t\t<div class=\"elementor-container elementor-column-gap-default\">\n\t\t\t\t\t<div class=\"elementor-column elementor-col-100 elementor-top-column elementor-element elementor-element-560db2e\" data-id=\"560db2e\" data-element_type=\"column\">\n\t\t\t<div class=\"elementor-widget-wrap elementor-element-populated\">\n\t\t\t\t\t\t<div class=\"elementor-element elementor-element-3d0ff5d elementor-widget elementor-widget-heading\" data-id=\"3d0ff5d\" data-element_type=\"widget\" data-widget_type=\"heading.default\">\n\t\t\t\t<div class=\"elementor-widget-container\">\n\t\t\t<h2 class=\"elementor-heading-title elementor-size-default\">Wir brauchen neue Systeme auf\nganzheitlicher Basis...<\/h2>\t\t<\/div>\n\t\t\t\t<\/div>\n\t\t\t\t<div class=\"elementor-element elementor-element-72081ef elementor-widget elementor-widget-text-editor\" data-id=\"72081ef\" data-element_type=\"widget\" data-widget_type=\"text-editor.default\">\n\t\t\t\t<div class=\"elementor-widget-container\">\n\t\t\t\t\t\t\t<p class=\" translation-block\">BEI <strong>ALLTRUESECRETS <\/strong> FINDEST DU VIELE SPANNENDE UND AUSSERGEW\u00d6HNLICHE INFORMATIONEN ZU DEN WICHTIGEN ASPEKTEN DES T\u00c4GLICHEN LEBENS AUS GANZHEITLICHER SICHT. DAZU GEH\u00d6REN NAT\u00dcRLICHE GESUNDHEIT, ERN\u00c4HRUNG UND KOSMETIK, FITNESS, SPIRITUALIT\u00c4T, ETHISCHER UMGANG MIT KINDERN UND TIEREN, BEWUSSTES ERZIEHEN, ARBEITEN, UND REISEN, NACHHALTIGER NATURSCHUTZ UND FAIRE WIRTSCHAFT.<\/p>\t\t\t\t\t\t<\/div>\n\t\t\t\t<\/div>\n\t\t\t\t\t<\/div>\n\t\t<\/div>\n\t\t\t\t\t<\/div>\n\t\t<\/section>\n\t\t\t\t<section class=\"elementor-section elementor-top-section elementor-element elementor-element-fd001dc elementor-section-boxed elementor-section-height-default elementor-section-height-default\" data-id=\"fd001dc\" data-element_type=\"section\" data-settings=\"{&quot;jet_parallax_layout_list&quot;:[]}\">\n\t\t\t\t\t\t<div class=\"elementor-container elementor-column-gap-default\">\n\t\t\t\t\t<div class=\"elementor-column elementor-col-100 elementor-top-column elementor-element elementor-element-dbed250\" data-id=\"dbed250\" data-element_type=\"column\">\n\t\t\t<div class=\"elementor-widget-wrap elementor-element-populated\">\n\t\t\t\t\t\t<div class=\"elementor-element elementor-element-9f99ba5 elementor-widget elementor-widget-heading\" data-id=\"9f99ba5\" data-element_type=\"widget\" data-widget_type=\"heading.default\">\n\t\t\t\t<div class=\"elementor-widget-container\">\n\t\t\t<h2 class=\"elementor-heading-title elementor-size-default\">Gemeinsam Projekte entwickeln...<\/h2>\t\t<\/div>\n\t\t\t\t<\/div>\n\t\t\t\t<div class=\"elementor-element elementor-element-a990ef2 elementor-widget elementor-widget-text-editor\" data-id=\"a990ef2\" data-element_type=\"widget\" data-widget_type=\"text-editor.default\">\n\t\t\t\t<div class=\"elementor-widget-container\">\n\t\t\t\t\t\t\t<p class=\" translation-block\">LASS DICH VON VISION\u00c4REN UND IHREN ATEMBERAUBENDEN VORSTELLUNGEN ZUR  \n<strong>NEUEN ERDE <\/strong> INSPIRIEREN. CONNECTE DICH MIT MENSCHEN, DIE ES SICH ZUR H\u00d6CHSTEN AUFGABE GEMACHT HABEN, DIE MENSCHHEIT AUF EIN H\u00d6HERES LEVEL ZU BRINGEN UND DIE L\u00d6SUNGEN F\u00dcR DIE DERZEITIGEN PROBLEME UNSERES PLANETEN BESITZEN. TRITT UNSERER  COMMUNITY BEI UND SEI TEIL DER BEWEGUNG, DIE DIE <strong>NEUE ERDE <\/strong> IN LIEBE UND LEICHTIGKEIT GESTALTEN. TEILE DEINE IDEEN MIT UNS. ZUSAMMEN SIND WIR STARK.<\/p>\t\t\t\t\t\t<\/div>\n\t\t\t\t<\/div>\n\t\t\t\t\t<\/div>\n\t\t<\/div>\n\t\t\t\t\t<\/div>\n\t\t<\/section>\n\t\t\t\t<\/div>","protected":false},"excerpt":{"rendered":"<p>WELCOME TO ALLTRUESECRETS. THIS\u00a0 MULTIDIMENSIONAL PLATFORM PROVIDES YOU WITH AMAZING INFORMATON ABOUT LIVING IN NEW EARTH. THAT\u00a0 MEANS LIVING ETHICALLY IN EASE AND UNCONDITIONAL LOVE ACCORDING TO THE UNIVERSAL LAWS. THE LANGUAGE HERE IS LOVE AND ALWAYS OPTIMISTIC.\u00a0 THIS PAGE IS DIVIDED INTO THREE MAIN SECTIONS: NEWS, VISIONS+MORE AND KNOWLEDGE NEWS PROVIDES YOU WITH VARIOUS [&hellip;]<\/p>","protected":false},"author":8,"featured_media":5280,"parent":0,"menu_order":0,"comment_status":"closed","ping_status":"closed","template":"elementor_header_footer","meta":{"footnotes":""},"class_list":["post-4574","page","type-page","status-publish","has-post-thumbnail","hentry"],"aioseo_notices":[],"_links":{"self":[{"href":"https:\/\/alltruesecrets.com\/de\/wp-json\/wp\/v2\/pages\/4574","targetHints":{"allow":["GET"]}}],"collection":[{"href":"https:\/\/alltruesecrets.com\/de\/wp-json\/wp\/v2\/pages"}],"about":[{"href":"https:\/\/alltruesecrets.com\/de\/wp-json\/wp\/v2\/types\/page"}],"author":[{"embeddable":true,"href":"https:\/\/alltruesecrets.com\/de\/wp-json\/wp\/v2\/users\/8"}],"replies":[{"embeddable":true,"href":"https:\/\/alltruesecrets.com\/de\/wp-json\/wp\/v2\/comments?post=4574"}],"version-history":[{"count":106,"href":"https:\/\/alltruesecrets.com\/de\/wp-json\/wp\/v2\/pages\/4574\/revisions"}],"predecessor-version":[{"id":8045,"href":"https:\/\/alltruesecrets.com\/de\/wp-json\/wp\/v2\/pages\/4574\/revisions\/8045"}],"wp:featuredmedia":[{"embeddable":true,"href":"https:\/\/alltruesecrets.com\/de\/wp-json\/wp\/v2\/media\/5280"}],"wp:attachment":[{"href":"https:\/\/alltruesecrets.com\/de\/wp-json\/wp\/v2\/media?parent=4574"}],"curies":[{"name":"wp","href":"https:\/\/api.w.org\/{rel}","templated":true}]}}